{"id":52,"date":"2024-06-06T16:36:12","date_gmt":"2024-06-06T16:36:12","guid":{"rendered":"https:\/\/caserio.com\/?page_id=52"},"modified":"2025-07-04T10:33:03","modified_gmt":"2025-07-04T10:33:03","slug":"bodas-y-eventos","status":"publish","type":"page","link":"https:\/\/caserio.com\/?page_id=52","title":{"rendered":"Bodas y eventos"},"content":{"rendered":"\t\t<div data-elementor-type=\"wp-page\" data-elementor-id=\"52\" class=\"elementor elementor-52\" data-elementor-post-type=\"page\">\n\t\t\t\t<div class=\"elementor-element elementor-element-fb6ef7c e-flex e-con-boxed e-con e-parent\" data-id=\"fb6ef7c\" data-element_type=\"container\" data-e-type=\"container\">\n\t\t\t\t\t<div class=\"e-con-inner\">\n\t\t\t\t<div class=\"elementor-element elementor-element-8133ecb elementor-widget elementor-widget-spacer\" data-id=\"8133ecb\" data-element_type=\"widget\" data-e-type=\"widget\" data-widget_type=\"spacer.default\">\n\t\t\t\t<div class=\"elementor-widget-container\">\n\t\t\t\t\t\t\t<div class=\"elementor-spacer\">\n\t\t\t<div class=\"elementor-spacer-inner\"><\/div>\n\t\t<\/div>\n\t\t\t\t\t\t<\/div>\n\t\t\t\t<\/div>\n\t\t<div class=\"elementor-element elementor-element-4f66a36 e-con-full e-flex e-con e-child\" data-id=\"4f66a36\" data-element_type=\"container\" data-e-type=\"container\" data-settings=\"{&quot;background_background&quot;:&quot;classic&quot;}\">\n\t\t\t\t<div class=\"elementor-element elementor-element-9fa0dc0 elementor-widget elementor-widget-heading\" data-id=\"9fa0dc0\" data-element_type=\"widget\" data-e-type=\"widget\" data-widget_type=\"heading.default\">\n\t\t\t\t<div class=\"elementor-widget-container\">\n\t\t\t\t\t<h1 class=\"elementor-heading-title elementor-size-default\">Celebra tus eventos con nosotros<\/h1>\t\t\t\t<\/div>\n\t\t\t\t<\/div>\n\t\t\t\t<\/div>\n\t\t\t\t\t<\/div>\n\t\t\t\t<\/div>\n\t\t<div class=\"elementor-element elementor-element-7c4c979 e-flex e-con-boxed e-con e-parent\" data-id=\"7c4c979\" data-element_type=\"container\" data-e-type=\"container\">\n\t\t\t\t\t<div class=\"e-con-inner\">\n\t\t<div class=\"elementor-element elementor-element-ca08a6c e-con-full e-flex e-con e-child\" data-id=\"ca08a6c\" data-element_type=\"container\" data-e-type=\"container\">\n\t\t\t\t<div class=\"elementor-element elementor-element-b181040 elementor-widget elementor-widget-heading\" data-id=\"b181040\" data-element_type=\"widget\" data-e-type=\"widget\" data-widget_type=\"heading.default\">\n\t\t\t\t<div class=\"elementor-widget-container\">\n\t\t\t\t\t<h2 class=\"elementor-heading-title elementor-size-default\">LAS FIESTAS MAS ESPECIALES<\/h2>\t\t\t\t<\/div>\n\t\t\t\t<\/div>\n\t\t\t\t<div class=\"elementor-element elementor-element-4ffb2e6 elementor-widget elementor-widget-text-editor\" data-id=\"4ffb2e6\" data-element_type=\"widget\" data-e-type=\"widget\" data-widget_type=\"text-editor.default\">\n\t\t\t\t<div class=\"elementor-widget-container\">\n\t\t\t\t\t\t\t\t\t<p class=\"p1\">Nuestros a\u00f1os de experiencia en <strong>grandes eventos<\/strong> y el conocimiento de las bases culinarias nos permiten poner a su disposici\u00f3n los m\u00e1s <strong>atractivos platos<\/strong>, para que el buen comer no ponga l\u00edmite a la imaginaci\u00f3n.<\/p><p class=\"p1\">Nos gusta que la organizaci\u00f3n de nuestros banquetes reciba un <strong>trato familiar<\/strong> y de confianza, por lo que contamos con verdaderos profesionales que le atender\u00e1n con la amabilidad que nos distingue.<\/p>\t\t\t\t\t\t\t\t<\/div>\n\t\t\t\t<\/div>\n\t\t\t\t<\/div>\n\t\t<div class=\"elementor-element elementor-element-09f8aaa e-con-full e-flex e-con e-child\" data-id=\"09f8aaa\" data-element_type=\"container\" data-e-type=\"container\">\n\t\t\t\t<div class=\"elementor-element elementor-element-8c020f1 elementor-absolute elementor-hidden-mobile elementor-widget elementor-widget-text-path\" data-id=\"8c020f1\" data-element_type=\"widget\" data-e-type=\"widget\" data-settings=\"{&quot;text&quot;:&quot;Disfruta en el caserio&quot;,&quot;align&quot;:&quot;center&quot;,&quot;text_path_direction&quot;:&quot;ltr&quot;,&quot;_position&quot;:&quot;absolute&quot;,&quot;motion_fx_motion_fx_scrolling&quot;:&quot;yes&quot;,&quot;motion_fx_translateY_effect&quot;:&quot;yes&quot;,&quot;motion_fx_translateY_speed&quot;:{&quot;unit&quot;:&quot;px&quot;,&quot;size&quot;:0.7,&quot;sizes&quot;:[]},&quot;link&quot;:{&quot;url&quot;:&quot;&quot;,&quot;is_external&quot;:&quot;&quot;,&quot;nofollow&quot;:&quot;&quot;,&quot;custom_attributes&quot;:&quot;&quot;},&quot;start_point&quot;:{&quot;unit&quot;:&quot;%&quot;,&quot;size&quot;:0,&quot;sizes&quot;:[]},&quot;motion_fx_translateY_affectedRange&quot;:{&quot;unit&quot;:&quot;%&quot;,&quot;size&quot;:&quot;&quot;,&quot;sizes&quot;:{&quot;start&quot;:0,&quot;end&quot;:100}},&quot;motion_fx_devices&quot;:[&quot;desktop&quot;,&quot;tablet&quot;,&quot;mobile&quot;]}\" data-widget_type=\"text-path.default\">\n\t\t\t\t<div class=\"elementor-widget-container\">\n\t\t\t\t\t\t\t<div class=\"e-text-path\" data-text=\"Disfruta en el caserio\" data-url=\"\/\/caserio.com\/wp-content\/plugins\/elementor\/assets\/svg-paths\/circle.svg\" data-link-url=\"\"><\/div>\n\t\t\t\t\t\t<\/div>\n\t\t\t\t<\/div>\n\t\t\t\t<div class=\"elementor-element elementor-element-3ca71eb elementor-widget elementor-widget-image\" data-id=\"3ca71eb\" data-element_type=\"widget\" data-e-type=\"widget\" data-widget_type=\"image.default\">\n\t\t\t\t<div class=\"elementor-widget-container\">\n\t\t\t\t\t\t\t\t\t\t\t\t\t\t\t<img fetchpriority=\"high\" decoding=\"async\" width=\"800\" height=\"805\" src=\"https:\/\/caserio.com\/wp-content\/uploads\/2025\/07\/Centro-de-mesa-con-nombre-bodas-y-eventos-1018x1024.png\" class=\"attachment-large size-large wp-image-375\" alt=\"\" srcset=\"https:\/\/caserio.com\/wp-content\/uploads\/2025\/07\/Centro-de-mesa-con-nombre-bodas-y-eventos-1018x1024.png 1018w, https:\/\/caserio.com\/wp-content\/uploads\/2025\/07\/Centro-de-mesa-con-nombre-bodas-y-eventos-298x300.png 298w, https:\/\/caserio.com\/wp-content\/uploads\/2025\/07\/Centro-de-mesa-con-nombre-bodas-y-eventos-150x150.png 150w, https:\/\/caserio.com\/wp-content\/uploads\/2025\/07\/Centro-de-mesa-con-nombre-bodas-y-eventos-768x772.png 768w, https:\/\/caserio.com\/wp-content\/uploads\/2025\/07\/Centro-de-mesa-con-nombre-bodas-y-eventos.png 1448w\" sizes=\"(max-width: 800px) 100vw, 800px\" \/>\t\t\t\t\t\t\t\t\t\t\t\t\t\t\t<\/div>\n\t\t\t\t<\/div>\n\t\t\t\t<\/div>\n\t\t\t\t\t<\/div>\n\t\t\t\t<\/div>\n\t\t<div class=\"elementor-element elementor-element-beebdee e-flex e-con-boxed e-con e-parent\" data-id=\"beebdee\" data-element_type=\"container\" data-e-type=\"container\">\n\t\t\t\t\t<div class=\"e-con-inner\">\n\t\t<div class=\"elementor-element elementor-element-73d4e74 e-con-full e-flex e-con e-child\" data-id=\"73d4e74\" data-element_type=\"container\" data-e-type=\"container\">\n\t\t\t\t<div class=\"elementor-element elementor-element-e70140b elementor-cta--skin-cover elementor-animated-content elementor-bg-transform elementor-bg-transform-zoom-in elementor-widget elementor-widget-call-to-action\" data-id=\"e70140b\" data-element_type=\"widget\" data-e-type=\"widget\" data-widget_type=\"call-to-action.default\">\n\t\t\t\t<div class=\"elementor-widget-container\">\n\t\t\t\t\t\t\t<div class=\"elementor-cta\">\n\t\t\t\t\t<div class=\"elementor-cta__bg-wrapper\">\n\t\t\t\t<div class=\"elementor-cta__bg elementor-bg\" style=\"background-image: url(https:\/\/caserio.com\/wp-content\/uploads\/2025\/07\/Messa-invitados-bodas-y-eventos-1024x1017.png);\" role=\"img\" aria-label=\"Messa invitados bodas y eventos\"><\/div>\n\t\t\t\t<div class=\"elementor-cta__bg-overlay\"><\/div>\n\t\t\t<\/div>\n\t\t\t\t\t\t\t<div class=\"elementor-cta__content\">\n\t\t\t\t\n\t\t\t\t\t\t\t\t\t<h2 class=\"elementor-cta__title elementor-cta__content-item elementor-content-item elementor-animated-item--grow\">\n\t\t\t\t\t\tSociales\t\t\t\t\t<\/h2>\n\t\t\t\t\n\t\t\t\t\t\t\t\t\t<div class=\"elementor-cta__description elementor-cta__content-item elementor-content-item elementor-animated-item--grow\">\n\t\t\t\t\t\tEn el Caser\u00edo somos especialistas en organizaci\u00f3n de eventos, por lo que est\u00e1s en las mejores manos.\t\t\t\t\t<\/div>\n\t\t\t\t\n\t\t\t\t\t\t\t<\/div>\n\t\t\t\t\t\t<\/div>\n\t\t\t\t\t\t<\/div>\n\t\t\t\t<\/div>\n\t\t\t\t<\/div>\n\t\t<div class=\"elementor-element elementor-element-a0f8aeb e-con-full e-flex e-con e-child\" data-id=\"a0f8aeb\" data-element_type=\"container\" data-e-type=\"container\">\n\t\t\t\t<div class=\"elementor-element elementor-element-7c770a3 elementor-cta--skin-cover elementor-animated-content elementor-bg-transform elementor-bg-transform-zoom-in elementor-widget elementor-widget-call-to-action\" data-id=\"7c770a3\" data-element_type=\"widget\" data-e-type=\"widget\" data-widget_type=\"call-to-action.default\">\n\t\t\t\t<div class=\"elementor-widget-container\">\n\t\t\t\t\t\t\t<div class=\"elementor-cta\">\n\t\t\t\t\t<div class=\"elementor-cta__bg-wrapper\">\n\t\t\t\t<div class=\"elementor-cta__bg elementor-bg\" style=\"background-image: url(https:\/\/caserio.com\/wp-content\/uploads\/2025\/07\/Celebracion-bodas-y-eventos-1024x1010.png);\" role=\"img\" aria-label=\"Celebracion bodas y eventos\"><\/div>\n\t\t\t\t<div class=\"elementor-cta__bg-overlay\"><\/div>\n\t\t\t<\/div>\n\t\t\t\t\t\t\t<div class=\"elementor-cta__content\">\n\t\t\t\t\n\t\t\t\t\t\t\t\t\t<h2 class=\"elementor-cta__title elementor-cta__content-item elementor-content-item elementor-animated-item--grow\">\n\t\t\t\t\t\tBodas\t\t\t\t\t<\/h2>\n\t\t\t\t\n\t\t\t\t\t\t\t\t\t<div class=\"elementor-cta__description elementor-cta__content-item elementor-content-item elementor-animated-item--grow\">\n\t\t\t\t\t\tTu boda ser\u00e1 lo que siempre has imaginado o so\u00f1ado en nuestro restaurante con amplia experiencia.\t\t\t\t\t<\/div>\n\t\t\t\t\n\t\t\t\t\t\t\t<\/div>\n\t\t\t\t\t\t<\/div>\n\t\t\t\t\t\t<\/div>\n\t\t\t\t<\/div>\n\t\t\t\t<\/div>\n\t\t<div class=\"elementor-element elementor-element-42a2659 e-con-full e-flex e-con e-child\" data-id=\"42a2659\" data-element_type=\"container\" data-e-type=\"container\">\n\t\t\t\t<div class=\"elementor-element elementor-element-268a81c elementor-cta--skin-cover elementor-animated-content elementor-bg-transform elementor-bg-transform-zoom-in elementor-widget elementor-widget-call-to-action\" data-id=\"268a81c\" data-element_type=\"widget\" data-e-type=\"widget\" data-widget_type=\"call-to-action.default\">\n\t\t\t\t<div class=\"elementor-widget-container\">\n\t\t\t\t\t\t\t<div class=\"elementor-cta\">\n\t\t\t\t\t<div class=\"elementor-cta__bg-wrapper\">\n\t\t\t\t<div class=\"elementor-cta__bg elementor-bg\" style=\"background-image: url(https:\/\/caserio.com\/wp-content\/uploads\/2025\/07\/Bebidas-bodas-820x1024.png);\" role=\"img\" aria-label=\"Bebidas bodas\"><\/div>\n\t\t\t\t<div class=\"elementor-cta__bg-overlay\"><\/div>\n\t\t\t<\/div>\n\t\t\t\t\t\t\t<div class=\"elementor-cta__content\">\n\t\t\t\t\n\t\t\t\t\t\t\t\t\t<h2 class=\"elementor-cta__title elementor-cta__content-item elementor-content-item elementor-animated-item--grow\">\n\t\t\t\t\t\teventos\t\t\t\t\t<\/h2>\n\t\t\t\t\n\t\t\t\t\t\t\t\t\t<div class=\"elementor-cta__description elementor-cta__content-item elementor-content-item elementor-animated-item--grow\">\n\t\t\t\t\t\tCelebra con nosotros tus eventos de Navidad.\nDisfruta de su decoraci\u00f3n, men\u00fas especiales y servicios para una celebraci\u00f3n perfecta.\t\t\t\t\t<\/div>\n\t\t\t\t\n\t\t\t\t\t\t\t<\/div>\n\t\t\t\t\t\t<\/div>\n\t\t\t\t\t\t<\/div>\n\t\t\t\t<\/div>\n\t\t\t\t<\/div>\n\t\t\t\t\t<\/div>\n\t\t\t\t<\/div>\n\t\t<div class=\"elementor-element elementor-element-31c3d0b e-flex e-con-boxed e-con e-parent\" data-id=\"31c3d0b\" data-element_type=\"container\" data-e-type=\"container\">\n\t\t\t\t\t<div class=\"e-con-inner\">\n\t\t<div class=\"elementor-element elementor-element-7532a22 e-con-full e-flex e-con e-child\" data-id=\"7532a22\" data-element_type=\"container\" data-e-type=\"container\">\n\t\t\t\t<div class=\"elementor-element elementor-element-ceb4082 elementor-widget elementor-widget-image\" data-id=\"ceb4082\" data-element_type=\"widget\" data-e-type=\"widget\" data-widget_type=\"image.default\">\n\t\t\t\t<div class=\"elementor-widget-container\">\n\t\t\t\t\t\t\t\t\t\t\t\t\t\t\t<img decoding=\"async\" width=\"800\" height=\"800\" src=\"https:\/\/caserio.com\/wp-content\/uploads\/2025\/07\/Fotos-bodas-y-eventos-1024x1024.png\" class=\"attachment-large size-large wp-image-379\" alt=\"\" srcset=\"https:\/\/caserio.com\/wp-content\/uploads\/2025\/07\/Fotos-bodas-y-eventos-1024x1024.png 1024w, https:\/\/caserio.com\/wp-content\/uploads\/2025\/07\/Fotos-bodas-y-eventos-300x300.png 300w, https:\/\/caserio.com\/wp-content\/uploads\/2025\/07\/Fotos-bodas-y-eventos-150x150.png 150w, https:\/\/caserio.com\/wp-content\/uploads\/2025\/07\/Fotos-bodas-y-eventos-768x767.png 768w, https:\/\/caserio.com\/wp-content\/uploads\/2025\/07\/Fotos-bodas-y-eventos.png 1444w\" sizes=\"(max-width: 800px) 100vw, 800px\" \/>\t\t\t\t\t\t\t\t\t\t\t\t\t\t\t<\/div>\n\t\t\t\t<\/div>\n\t\t\t\t<\/div>\n\t\t<div class=\"elementor-element elementor-element-8f11579 e-con-full e-flex e-con e-child\" data-id=\"8f11579\" data-element_type=\"container\" data-e-type=\"container\">\n\t\t\t\t<div class=\"elementor-element elementor-element-889c8fb elementor-widget elementor-widget-heading\" data-id=\"889c8fb\" data-element_type=\"widget\" data-e-type=\"widget\" data-widget_type=\"heading.default\">\n\t\t\t\t<div class=\"elementor-widget-container\">\n\t\t\t\t\t<h2 class=\"elementor-heading-title elementor-size-default\">BODAS<\/h2>\t\t\t\t<\/div>\n\t\t\t\t<\/div>\n\t\t\t\t<div class=\"elementor-element elementor-element-06e7728 elementor-widget elementor-widget-text-editor\" data-id=\"06e7728\" data-element_type=\"widget\" data-e-type=\"widget\" data-widget_type=\"text-editor.default\">\n\t\t\t\t<div class=\"elementor-widget-container\">\n\t\t\t\t\t\t\t\t\t<p class=\"p1\">Para realizar tu sue\u00f1o contamos con un <strong>equipo de profesionales,<\/strong> as\u00ed como de un <strong>servicio comercial para lograr que todo est\u00e9 sobre lo previsto.<\/strong><\/p><p class=\"p1\">De igual modo, te ofrecemos las <strong>herramientas online<\/strong> que necesitas para estar siempre bien informado sobre tarifas, promociones, descuentos y dem\u00e1s, para as\u00ed celebrar tu boda con nosotros.<\/p><p class=\"p1\">Por tanto, si quieres disfrutar de una <strong>boda en Cantabria,<\/strong> totalmente exclusivaes posible gracias a nuestro restaurante,as\u00ed como de nuestro personal y la amplia experiencia durante a\u00f1os y a\u00f1os al pie del ca\u00f1\u00f3n.<\/p><p class=\"p1\">Como resultado, cuidaremos hasta el \u00faltimo detalle para que <strong>tu boda sea la que siempre hab\u00edas so\u00f1ado.<\/strong><\/p><p class=\"p1\">El Caser\u00edo te permite celebrar <strong>cualquier tipo de ceremonia,<\/strong> todo en un mismo lugar.<\/p>\t\t\t\t\t\t\t\t<\/div>\n\t\t\t\t<\/div>\n\t\t\t\t<\/div>\n\t\t\t\t\t<\/div>\n\t\t\t\t<\/div>\n\t\t<div class=\"elementor-element elementor-element-deb2372 e-flex e-con-boxed e-con e-parent\" data-id=\"deb2372\" data-element_type=\"container\" data-e-type=\"container\">\n\t\t\t\t\t<div class=\"e-con-inner\">\n\t\t<div class=\"elementor-element elementor-element-68adda6 e-con-full e-flex e-con e-child\" data-id=\"68adda6\" data-element_type=\"container\" data-e-type=\"container\">\n\t\t\t\t<div class=\"elementor-element elementor-element-fb70b6d elementor-widget elementor-widget-heading\" data-id=\"fb70b6d\" data-element_type=\"widget\" data-e-type=\"widget\" data-widget_type=\"heading.default\">\n\t\t\t\t<div class=\"elementor-widget-container\">\n\t\t\t\t\t<h2 class=\"elementor-heading-title elementor-size-default\">EVENTOS<\/h2>\t\t\t\t<\/div>\n\t\t\t\t<\/div>\n\t\t\t\t<div class=\"elementor-element elementor-element-3ec0c95 elementor-widget elementor-widget-text-editor\" data-id=\"3ec0c95\" data-element_type=\"widget\" data-e-type=\"widget\" data-widget_type=\"text-editor.default\">\n\t\t\t\t<div class=\"elementor-widget-container\">\n\t\t\t\t\t\t\t\t\t<p class=\"p1\">Trabajamos desde hace muchos a\u00f1os para ofrecer el <strong>mejor evento que desees. Una cocina tradicional adaptada<\/strong> a cualquier gusto, siendo sin\u00f3nimo de calidad, nuestro impecable servicio, con profesionales de primera l\u00ednea y la m\u00e1xima atenci\u00f3n para cuidar hasta el m\u00ednimo detalle.<\/p><p class=\"p1\">Sabemos la importancia del d\u00eda de vuestro evento, ya que es \u00fanico e irrepetible, por eso ponemos toda nuestra atenci\u00f3n para que no se escape ning\u00fan detalle y todo salga tal y como lo hab\u00edais so\u00f1ado. <strong>Seremos un equipo.<\/strong><\/p><p class=\"p1\">Nos gusta involucrarnos con cada uno de vosotros en el<strong> dise\u00f1o del men\u00fa,<\/strong> comprometernos y dise\u00f1ar propuestas gastron\u00f3micas personalizadas hasta el \u00faltimo detalle. Por otro lado, nuestro gran equipo comercial os asesorar\u00e1 y se ancargar\u00e1 de dise\u00f1ar con mimo cada detalle.<\/p>\t\t\t\t\t\t\t\t<\/div>\n\t\t\t\t<\/div>\n\t\t\t\t<\/div>\n\t\t<div class=\"elementor-element elementor-element-a75771e e-con-full e-flex e-con e-child\" data-id=\"a75771e\" data-element_type=\"container\" data-e-type=\"container\">\n\t\t\t\t<div class=\"elementor-element elementor-element-fcc4310 elementor-widget elementor-widget-image\" data-id=\"fcc4310\" data-element_type=\"widget\" data-e-type=\"widget\" data-widget_type=\"image.default\">\n\t\t\t\t<div class=\"elementor-widget-container\">\n\t\t\t\t\t\t\t\t\t\t\t\t\t\t\t<img decoding=\"async\" width=\"800\" height=\"800\" src=\"https:\/\/caserio.com\/wp-content\/uploads\/2025\/07\/El-dichoso-bodas-y-eventos-1024x1024.png\" class=\"attachment-large size-large wp-image-378\" alt=\"\" srcset=\"https:\/\/caserio.com\/wp-content\/uploads\/2025\/07\/El-dichoso-bodas-y-eventos-1024x1024.png 1024w, https:\/\/caserio.com\/wp-content\/uploads\/2025\/07\/El-dichoso-bodas-y-eventos-300x300.png 300w, https:\/\/caserio.com\/wp-content\/uploads\/2025\/07\/El-dichoso-bodas-y-eventos-150x150.png 150w, https:\/\/caserio.com\/wp-content\/uploads\/2025\/07\/El-dichoso-bodas-y-eventos-768x767.png 768w, https:\/\/caserio.com\/wp-content\/uploads\/2025\/07\/El-dichoso-bodas-y-eventos.png 1448w\" sizes=\"(max-width: 800px) 100vw, 800px\" \/>\t\t\t\t\t\t\t\t\t\t\t\t\t\t\t<\/div>\n\t\t\t\t<\/div>\n\t\t\t\t<\/div>\n\t\t\t\t\t<\/div>\n\t\t\t\t<\/div>\n\t\t\t\t<\/div>\n\t\t","protected":false},"excerpt":{"rendered":"<p>Celebra tus eventos con nosotros LAS FIESTAS MAS ESPECIALES Nuestros a\u00f1os de experiencia en grandes eventos y el conocimiento de las bases culinarias nos permiten poner a su disposici\u00f3n los m\u00e1s atractivos platos, para que el buen comer no ponga l\u00edmite a la imaginaci\u00f3n. Nos gusta que la organizaci\u00f3n de nuestros banquetes reciba un trato [&hellip;]<\/p>\n","protected":false},"author":1,"featured_media":0,"parent":0,"menu_order":0,"comment_status":"closed","ping_status":"closed","template":"","meta":{"footnotes":""},"class_list":["post-52","page","type-page","status-publish","hentry"],"_links":{"self":[{"href":"https:\/\/caserio.com\/index.php?rest_route=\/wp\/v2\/pages\/52","targetHints":{"allow":["GET"]}}],"collection":[{"href":"https:\/\/caserio.com\/index.php?rest_route=\/wp\/v2\/pages"}],"about":[{"href":"https:\/\/caserio.com\/index.php?rest_route=\/wp\/v2\/types\/page"}],"author":[{"embeddable":true,"href":"https:\/\/caserio.com\/index.php?rest_route=\/wp\/v2\/users\/1"}],"replies":[{"embeddable":true,"href":"https:\/\/caserio.com\/index.php?rest_route=%2Fwp%2Fv2%2Fcomments&post=52"}],"version-history":[{"count":10,"href":"https:\/\/caserio.com\/index.php?rest_route=\/wp\/v2\/pages\/52\/revisions"}],"predecessor-version":[{"id":423,"href":"https:\/\/caserio.com\/index.php?rest_route=\/wp\/v2\/pages\/52\/revisions\/423"}],"wp:attachment":[{"href":"https:\/\/caserio.com\/index.php?rest_route=%2Fwp%2Fv2%2Fmedia&parent=52"}],"curies":[{"name":"wp","href":"https:\/\/api.w.org\/{rel}","templated":true}]}}