{"id":428,"date":"2025-12-04T09:09:49","date_gmt":"2025-12-04T09:09:49","guid":{"rendered":"https:\/\/caserio.com\/?page_id=428"},"modified":"2026-03-08T18:23:09","modified_gmt":"2026-03-08T18:23:09","slug":"mantenimiento","status":"publish","type":"page","link":"https:\/\/caserio.com\/","title":{"rendered":"Mantenimiento"},"content":{"rendered":"\t\t<div data-elementor-type=\"wp-page\" data-elementor-id=\"428\" class=\"elementor elementor-428\" data-elementor-post-type=\"page\">\n\t\t\t\t<div class=\"elementor-element elementor-element-28a650c e-con-full e-flex e-con e-parent\" data-id=\"28a650c\" data-element_type=\"container\" data-e-type=\"container\" data-settings=\"{&quot;background_background&quot;:&quot;classic&quot;}\">\n\t\t\t\t<div class=\"elementor-element elementor-element-e10b5db elementor-widget elementor-widget-image\" data-id=\"e10b5db\" data-element_type=\"widget\" data-e-type=\"widget\" data-widget_type=\"image.default\">\n\t\t\t\t<div class=\"elementor-widget-container\">\n\t\t\t\t\t\t\t\t\t\t\t\t\t\t\t<img fetchpriority=\"high\" decoding=\"async\" width=\"300\" height=\"300\" src=\"https:\/\/caserio.com\/wp-content\/uploads\/2024\/06\/Logo_negro-512-300x300.png\" class=\"attachment-medium size-medium wp-image-206\" alt=\"\" srcset=\"https:\/\/caserio.com\/wp-content\/uploads\/2024\/06\/Logo_negro-512-300x300.png 300w, https:\/\/caserio.com\/wp-content\/uploads\/2024\/06\/Logo_negro-512-150x150.png 150w, https:\/\/caserio.com\/wp-content\/uploads\/2024\/06\/Logo_negro-512.png 512w\" sizes=\"(max-width: 300px) 100vw, 300px\" \/>\t\t\t\t\t\t\t\t\t\t\t\t\t\t\t<\/div>\n\t\t\t\t<\/div>\n\t\t\t\t<div class=\"elementor-element elementor-element-ec3701d elementor-widget elementor-widget-heading\" data-id=\"ec3701d\" data-element_type=\"widget\" data-e-type=\"widget\" data-widget_type=\"heading.default\">\n\t\t\t\t<div class=\"elementor-widget-container\">\n\t\t\t\t\t<h2 class=\"elementor-heading-title elementor-size-default\">\u00a1Estamos abiertos!<\/h2>\t\t\t\t<\/div>\n\t\t\t\t<\/div>\n\t\t\t\t<div class=\"elementor-element elementor-element-ad254f2 elementor-widget elementor-widget-text-editor\" data-id=\"ad254f2\" data-element_type=\"widget\" data-e-type=\"widget\" data-widget_type=\"text-editor.default\">\n\t\t\t\t<div class=\"elementor-widget-container\">\n\t\t\t\t\t\t\t\t\t<p>Haz tu reserva a trav\u00e9s del tel\u00e9fono<\/p><p><a href=\"tel:+34618601825\">618601825<\/a> &#8211; <a href=\"tel:+34942810575\">942810575<\/a><\/p>\t\t\t\t\t\t\t\t<\/div>\n\t\t\t\t<\/div>\n\t\t<div class=\"elementor-element elementor-element-87cbddf e-flex e-con-boxed e-con e-child\" data-id=\"87cbddf\" data-element_type=\"container\" data-e-type=\"container\">\n\t\t\t\t\t<div class=\"e-con-inner\">\n\t\t\t\t<div class=\"elementor-element elementor-element-ae58306 elementor-widget elementor-widget-button\" data-id=\"ae58306\" data-element_type=\"widget\" data-e-type=\"widget\" data-widget_type=\"button.default\">\n\t\t\t\t<div class=\"elementor-widget-container\">\n\t\t\t\t\t\t\t\t\t<div class=\"elementor-button-wrapper\">\n\t\t\t\t\t<a class=\"elementor-button elementor-button-link elementor-size-sm\" href=\"https:\/\/www.chefs-voice.com\/es\/restaurante-el-caserio\">\n\t\t\t\t\t\t<span class=\"elementor-button-content-wrapper\">\n\t\t\t\t\t\t\t\t\t<span class=\"elementor-button-text\">Nuestra carta<\/span>\n\t\t\t\t\t<\/span>\n\t\t\t\t\t<\/a>\n\t\t\t\t<\/div>\n\t\t\t\t\t\t\t\t<\/div>\n\t\t\t\t<\/div>\n\t\t\t\t\t<\/div>\n\t\t\t\t<\/div>\n\t\t\t\t<div class=\"elementor-element elementor-element-39b85ca elementor-widget elementor-widget-text-editor\" data-id=\"39b85ca\" data-element_type=\"widget\" data-e-type=\"widget\" data-widget_type=\"text-editor.default\">\n\t\t\t\t<div class=\"elementor-widget-container\">\n\t\t\t\t\t\t\t\t\t<p><strong>Web en construcci\u00f3n, mientras tanto pod\u00e9is visitar nuestro <span style=\"text-decoration: underline;\"><a href=\"https:\/\/www.instagram.com\/elcaseriodesuances\/?hl=es\">Instagram<\/a><\/span><\/strong><\/p>\t\t\t\t\t\t\t\t<\/div>\n\t\t\t\t<\/div>\n\t\t\t\t<\/div>\n\t\t\t\t<\/div>\n\t\t","protected":false},"excerpt":{"rendered":"<p>\u00a1Estamos abiertos! Haz tu reserva a trav\u00e9s del tel\u00e9fono 618601825 &#8211; 942810575 Nuestra carta Web en construcci\u00f3n, mientras tanto pod\u00e9is visitar nuestro Instagram<\/p>\n","protected":false},"author":1,"featured_media":0,"parent":0,"menu_order":0,"comment_status":"closed","ping_status":"closed","template":"elementor_canvas","meta":{"footnotes":""},"class_list":["post-428","page","type-page","status-publish","hentry"],"_links":{"self":[{"href":"https:\/\/caserio.com\/index.php?rest_route=\/wp\/v2\/pages\/428","targetHints":{"allow":["GET"]}}],"collection":[{"href":"https:\/\/caserio.com\/index.php?rest_route=\/wp\/v2\/pages"}],"about":[{"href":"https:\/\/caserio.com\/index.php?rest_route=\/wp\/v2\/types\/page"}],"author":[{"embeddable":true,"href":"https:\/\/caserio.com\/index.php?rest_route=\/wp\/v2\/users\/1"}],"replies":[{"embeddable":true,"href":"https:\/\/caserio.com\/index.php?rest_route=%2Fwp%2Fv2%2Fcomments&post=428"}],"version-history":[{"count":19,"href":"https:\/\/caserio.com\/index.php?rest_route=\/wp\/v2\/pages\/428\/revisions"}],"predecessor-version":[{"id":451,"href":"https:\/\/caserio.com\/index.php?rest_route=\/wp\/v2\/pages\/428\/revisions\/451"}],"wp:attachment":[{"href":"https:\/\/caserio.com\/index.php?rest_route=%2Fwp%2Fv2%2Fmedia&parent=428"}],"curies":[{"name":"wp","href":"https:\/\/api.w.org\/{rel}","templated":true}]}}